{"id":426,"date":"2023-05-21T08:20:30","date_gmt":"2023-05-21T12:20:30","guid":{"rendered":"http:\/\/nicolashumbert.com\/nh\/?page_id=426"},"modified":"2023-05-21T22:38:53","modified_gmt":"2023-05-22T02:38:53","slug":"douche-froide-le-recit-dune-chute","status":"publish","type":"page","link":"http:\/\/nicolashumbert.com\/nh\/","title":{"rendered":"Douche froide, le r\u00e9cit d&rsquo;une chute"},"content":{"rendered":"\n<h2 class=\"wp-block-heading\">Une pi\u00e8ce de th\u00e9\u00e2tre par Nicolas Humbert<\/h2>\n\n\n\n<p><em>\u00ab Douche froide, le r\u00e9cit d\u2019une chute \u00bb est l\u2019histoire de Marco. Apr\u00e8s quinze ans de vie commune, rien ne va plus entre Estelle et lui. Un samedi apr\u00e8s-midi, alors qu\u2019Estelle est partie faire l\u2019\u00e9picerie, Marco pr\u00e9f\u00e8re prendre une douche plut\u00f4t que de s\u2019occuper de ses deux filles.<br \/><br \/>Soudainement convaincu que la petite Dahlia est en danger de mort, il glisse en sortant pr\u00e9cipitamment de la douche. Pour Marco le temps semble s\u2019arr\u00eater, alors qu\u2019il est \u00e0 l\u2019horizontale, \u00e0 un m\u00e8tre au-dessus du sol.<br \/>Pendant cette fraction de seconde, il visite en songes les moments cl\u00e9s de son existence et s\u2019aventure accidentellement dans le futur.<br \/>Que restera-t-il de sa vie quand, enfin, il finira par tomber?<\/em><br \/><br \/>Cette pi\u00e8ce comporte du contenu sexuel et n\u2019est pas recommand\u00e9e pour les jeunes enfants.<\/p>\n\n\n\n<figure class=\"wp-block-image size-large\"><img decoding=\"async\" loading=\"lazy\" width=\"1024\" height=\"683\" src=\"http:\/\/nicolashumbert.com\/nh\/wp-content\/uploads\/2023\/05\/Douche-froide-019A1514-1024x683.jpg\" alt=\"\" class=\"wp-image-450\" srcset=\"http:\/\/nicolashumbert.com\/nh\/wp-content\/uploads\/2023\/05\/Douche-froide-019A1514-1024x683.jpg 1024w, http:\/\/nicolashumbert.com\/nh\/wp-content\/uploads\/2023\/05\/Douche-froide-019A1514-300x200.jpg 300w, http:\/\/nicolashumbert.com\/nh\/wp-content\/uploads\/2023\/05\/Douche-froide-019A1514-768x512.jpg 768w, http:\/\/nicolashumbert.com\/nh\/wp-content\/uploads\/2023\/05\/Douche-froide-019A1514-1536x1024.jpg 1536w, http:\/\/nicolashumbert.com\/nh\/wp-content\/uploads\/2023\/05\/Douche-froide-019A1514-2048x1365.jpg 2048w, http:\/\/nicolashumbert.com\/nh\/wp-content\/uploads\/2023\/05\/Douche-froide-019A1514-624x416.jpg 624w\" sizes=\"(max-width: 1024px) 100vw, 1024px\" \/><\/figure>\n\n\n\n<h2 class=\"wp-block-heading\">Distribution<\/h2>\n\n\n\n<p>Texte et mise en sc\u00e8ne Nicolas Humbert<br \/>Marco : Nicolas Humbert<br \/>Estelle (voix) : \u00c8velyne Ouellet<br \/>Iris, adulte (voix) : Marie-France Huard<br \/>L&rsquo;infirmi\u00e8re (voix) : Brigitte Cordeau<br \/>Iris, enfant (voix) : Jeanne Humbert<br \/>Dahlia (voix) : Cl\u00e9mence Humbert<br \/><br \/>Mise en son et production vid\u00e9o : Nicolas Humbert<br \/>D\u00e9cors et tech. de sc\u00e8ne : Martin Belisle<br \/>Lumi\u00e8res : Xavier Larocque<br \/>Tech. console : Nils Lahaye<\/p>\n\n\n\n<h2 class=\"wp-block-heading\">Galerie<\/h2>\n\n\n\n<p><code><div class=\"rl-gallery-container rl-loading\" id=\"rl-gallery-container-1\" data-gallery_id=\"433\"> <div class=\"rl-gallery rl-basicgrid-gallery \" id=\"rl-gallery-1\" data-gallery_no=\"1\"> <div class=\"rl-gallery-item\"><a href=\"http:\/\/nicolashumbert.com\/nh\/wp-content\/uploads\/2023\/05\/PRP_7573.jpg\" title=\"\" data-rl_title=\"\" class=\"rl-gallery-link\" data-rl_caption=\"\" data-rel=\"lightbox-gallery-1\"><img src=\"http:\/\/nicolashumbert.com\/nh\/wp-content\/uploads\/2023\/05\/PRP_7573-150x150.jpg\" width=\"150\" height=\"150\" alt=\"\"\/><\/a><\/div><div class=\"rl-gallery-item\"><a href=\"http:\/\/nicolashumbert.com\/nh\/wp-content\/uploads\/2023\/05\/PRP_7645.jpg\" title=\"\" data-rl_title=\"\" class=\"rl-gallery-link\" data-rl_caption=\"\" data-rel=\"lightbox-gallery-1\"><img src=\"http:\/\/nicolashumbert.com\/nh\/wp-content\/uploads\/2023\/05\/PRP_7645-150x150.jpg\" width=\"150\" height=\"150\" alt=\"\"\/><\/a><\/div><div class=\"rl-gallery-item\"><a href=\"http:\/\/nicolashumbert.com\/nh\/wp-content\/uploads\/2023\/05\/PRP_7947.jpg\" title=\"\" data-rl_title=\"\" class=\"rl-gallery-link\" data-rl_caption=\"\" data-rel=\"lightbox-gallery-1\"><img src=\"http:\/\/nicolashumbert.com\/nh\/wp-content\/uploads\/2023\/05\/PRP_7947-150x150.jpg\" width=\"150\" height=\"150\" alt=\"\"\/><\/a><\/div><div class=\"rl-gallery-item\"><a href=\"http:\/\/nicolashumbert.com\/nh\/wp-content\/uploads\/2023\/05\/PRP_7932.jpg\" title=\"\" data-rl_title=\"\" class=\"rl-gallery-link\" data-rl_caption=\"\" data-rel=\"lightbox-gallery-1\"><img src=\"http:\/\/nicolashumbert.com\/nh\/wp-content\/uploads\/2023\/05\/PRP_7932-150x150.jpg\" width=\"150\" height=\"150\" alt=\"\"\/><\/a><\/div><div class=\"rl-gallery-item\"><a href=\"http:\/\/nicolashumbert.com\/nh\/wp-content\/uploads\/2023\/05\/PRP_7801.jpg\" title=\"\" data-rl_title=\"\" class=\"rl-gallery-link\" data-rl_caption=\"\" data-rel=\"lightbox-gallery-1\"><img src=\"http:\/\/nicolashumbert.com\/nh\/wp-content\/uploads\/2023\/05\/PRP_7801-150x150.jpg\" width=\"150\" height=\"150\" alt=\"\"\/><\/a><\/div><div class=\"rl-gallery-item\"><a href=\"http:\/\/nicolashumbert.com\/nh\/wp-content\/uploads\/2023\/05\/PRP_7821.jpg\" title=\"\" data-rl_title=\"\" class=\"rl-gallery-link\" data-rl_caption=\"\" data-rel=\"lightbox-gallery-1\"><img src=\"http:\/\/nicolashumbert.com\/nh\/wp-content\/uploads\/2023\/05\/PRP_7821-150x150.jpg\" width=\"150\" height=\"150\" alt=\"\"\/><\/a><\/div><div class=\"rl-gallery-item\"><a href=\"http:\/\/nicolashumbert.com\/nh\/wp-content\/uploads\/2023\/05\/PRP_7840.jpg\" title=\"\" data-rl_title=\"\" class=\"rl-gallery-link\" data-rl_caption=\"\" data-rel=\"lightbox-gallery-1\"><img src=\"http:\/\/nicolashumbert.com\/nh\/wp-content\/uploads\/2023\/05\/PRP_7840-150x150.jpg\" width=\"150\" height=\"150\" alt=\"\"\/><\/a><\/div><div class=\"rl-gallery-item\"><a href=\"http:\/\/nicolashumbert.com\/nh\/wp-content\/uploads\/2023\/05\/PRP_7891.jpg\" title=\"\" data-rl_title=\"\" class=\"rl-gallery-link\" data-rl_caption=\"\" data-rel=\"lightbox-gallery-1\"><img src=\"http:\/\/nicolashumbert.com\/nh\/wp-content\/uploads\/2023\/05\/PRP_7891-150x150.jpg\" width=\"150\" height=\"150\" alt=\"\"\/><\/a><\/div><div class=\"rl-gallery-item\"><a href=\"http:\/\/nicolashumbert.com\/nh\/wp-content\/uploads\/2023\/05\/PRP_7867.jpg\" title=\"\" data-rl_title=\"\" class=\"rl-gallery-link\" data-rl_caption=\"\" data-rel=\"lightbox-gallery-1\"><img src=\"http:\/\/nicolashumbert.com\/nh\/wp-content\/uploads\/2023\/05\/PRP_7867-150x150.jpg\" width=\"150\" height=\"150\" alt=\"\"\/><\/a><\/div><div class=\"rl-gallery-item\"><a href=\"http:\/\/nicolashumbert.com\/nh\/wp-content\/uploads\/2023\/05\/PRP_7651.jpg\" title=\"\" data-rl_title=\"\" class=\"rl-gallery-link\" data-rl_caption=\"\" data-rel=\"lightbox-gallery-1\"><img src=\"http:\/\/nicolashumbert.com\/nh\/wp-content\/uploads\/2023\/05\/PRP_7651-150x150.jpg\" width=\"150\" height=\"150\" alt=\"\"\/><\/a><\/div><div class=\"rl-gallery-item\"><a href=\"http:\/\/nicolashumbert.com\/nh\/wp-content\/uploads\/2023\/05\/PRP_7684.jpg\" title=\"\" data-rl_title=\"\" class=\"rl-gallery-link\" data-rl_caption=\"\" data-rel=\"lightbox-gallery-1\"><img src=\"http:\/\/nicolashumbert.com\/nh\/wp-content\/uploads\/2023\/05\/PRP_7684-150x150.jpg\" width=\"150\" height=\"150\" alt=\"\"\/><\/a><\/div><div class=\"rl-gallery-item\"><a href=\"http:\/\/nicolashumbert.com\/nh\/wp-content\/uploads\/2023\/05\/PRP_7734.jpg\" title=\"\" data-rl_title=\"\" class=\"rl-gallery-link\" data-rl_caption=\"\" data-rel=\"lightbox-gallery-1\"><img src=\"http:\/\/nicolashumbert.com\/nh\/wp-content\/uploads\/2023\/05\/PRP_7734-150x150.jpg\" width=\"150\" height=\"150\" alt=\"\"\/><\/a><\/div><div class=\"rl-gallery-item\"><a href=\"http:\/\/nicolashumbert.com\/nh\/wp-content\/uploads\/2023\/05\/PRP_7634.jpg\" title=\"\" data-rl_title=\"\" class=\"rl-gallery-link\" data-rl_caption=\"\" data-rel=\"lightbox-gallery-1\"><img src=\"http:\/\/nicolashumbert.com\/nh\/wp-content\/uploads\/2023\/05\/PRP_7634-150x150.jpg\" width=\"150\" height=\"150\" alt=\"\"\/><\/a><\/div><div class=\"rl-gallery-item\"><a href=\"http:\/\/nicolashumbert.com\/nh\/wp-content\/uploads\/2023\/05\/PRP_7961.jpg\" title=\"\" data-rl_title=\"\" class=\"rl-gallery-link\" data-rl_caption=\"\" data-rel=\"lightbox-gallery-1\"><img src=\"http:\/\/nicolashumbert.com\/nh\/wp-content\/uploads\/2023\/05\/PRP_7961-150x150.jpg\" width=\"150\" height=\"150\" alt=\"\"\/><\/a><\/div><div class=\"rl-gallery-item\"><a href=\"http:\/\/nicolashumbert.com\/nh\/wp-content\/uploads\/2023\/05\/PRP_7976.jpg\" title=\"\" data-rl_title=\"\" class=\"rl-gallery-link\" data-rl_caption=\"\" data-rel=\"lightbox-gallery-1\"><img src=\"http:\/\/nicolashumbert.com\/nh\/wp-content\/uploads\/2023\/05\/PRP_7976-150x150.jpg\" width=\"150\" height=\"150\" alt=\"\"\/><\/a><\/div> <\/div> <\/div><\/code><\/p>\n\n\n\n<h2 class=\"wp-block-heading\" id=\"lapremiere\">La premi\u00e8re<\/h2>\n\n\n\n<p>\u00ab\u00a0Douche froide, le r\u00e9cit d&rsquo;une chute\u00a0\u00bb a \u00e9t\u00e9 cr\u00e9\u00e9e le 22 avril 2023 \u00e0 l&rsquo;auditorium du Coll\u00e8ge Saint-Maurice (Saint-Hyacinthe, QC)<\/p>\n\n\n\n<p><\/p>\n\n\n\n<p>Les partenaires de cette premi\u00e8re repr\u00e9sentation \u00e9taient :<\/p>\n\n\n\n<div class=\"wp-block-columns is-layout-flex wp-container-4\">\n<div class=\"wp-block-column is-layout-flow\">\n<figure class=\"wp-block-image alignwide size-large\"><a href=\"https:\/\/productionles3coups.ca\/nos-evenements\/une-piece-de-theatre-par-nicolas-humbert\/\" target=\"_blank\" rel=\"noreferrer noopener\"><img decoding=\"async\" src=\"http:\/\/douchefroide.ca\/df\/wp-content\/uploads\/2023\/05\/Logo_PL3C-1-1024x395.png\" alt=\"\" class=\"wp-image-43\"\/><\/a><\/figure>\n<\/div>\n\n\n\n<div class=\"wp-block-column is-layout-flow\">\n<figure class=\"wp-block-image alignwide size-large\"><a href=\"https:\/\/journalmobiles.com\/\" target=\"_blank\" rel=\"noreferrer noopener\"><img decoding=\"async\" src=\"http:\/\/douchefroide.ca\/df\/wp-content\/uploads\/2023\/05\/Journal-Mobiles-logo2-1024x366.png\" alt=\"\" class=\"wp-image-44\"\/><\/a><\/figure>\n<\/div>\n\n\n\n<div class=\"wp-block-column is-layout-flow\">\n<figure class=\"wp-block-image alignwide size-large\"><a href=\"https:\/\/www.conseildelaculturesth.com\/\" target=\"_blank\" rel=\"noreferrer noopener\"><img decoding=\"async\" src=\"http:\/\/douchefroide.ca\/df\/wp-content\/uploads\/2023\/05\/Logo_Partenaires-SDL_Conseil-Culture_Couleur_02-v3-1024x442.png\" alt=\"\" class=\"wp-image-45\"\/><\/a><\/figure>\n<\/div>\n<\/div>\n<a href=\"http:\/\/www.facebook.com\/share.php?u=http%3A%2F%2Fnicolashumbert.com%2Fnh%2F&amp;t=Douche%20froide%2C%20le%20r%C3%A9cit%20d%27une%20chute\" id=\"facebook_share_button_426\" style=\"font-size:11px; line-height:13px; font-family:'lucida grande',tahoma,verdana,arial,sans-serif; text-decoration:none; display: -moz-inline-block; display:inline-block; padding:1px 20px 0 5px; margin: 5px 0; height:15px; border:1px solid #d8dfea; color: #3B5998; background: #fff url(http:\/\/b.static.ak.fbcdn.net\/images\/share\/facebook_share_icon.gif) no-repeat top right;\">Share<\/a>\r\n\t<script type=\"text\/javascript\">\r\n\t<!--\r\n\tvar button = document.getElementById('facebook_share_link_426') || document.getElementById('facebook_share_icon_426') || document.getElementById('facebook_share_both_426') || document.getElementById('facebook_share_button_426');\r\n\tif (button) {\r\n\t\tbutton.onclick = function(e) {\r\n\t\t\tvar url = this.href.replace(\/share\\.php\/, 'sharer.php');\r\n\t\t\twindow.open(url,'sharer','toolbar=0,status=0,width=626,height=436');\r\n\t\t\treturn false;\r\n\t\t}\r\n\t\r\n\t\tif (button.id === 'facebook_share_button_426') {\r\n\t\t\tbutton.onmouseover = function(){\r\n\t\t\t\tthis.style.color='#fff';\r\n\t\t\t\tthis.style.borderColor = '#295582';\r\n\t\t\t\tthis.style.backgroundColor = '#3b5998';\r\n\t\t\t}\r\n\t\t\tbutton.onmouseout = function(){\r\n\t\t\t\tthis.style.color = '#3b5998';\r\n\t\t\t\tthis.style.borderColor = '#d8dfea';\r\n\t\t\t\tthis.style.backgroundColor = '#fff';\r\n\t\t\t}\r\n\t\t}\r\n\t}\r\n\t-->\r\n\t<\/script>\r\n\t","protected":false},"excerpt":{"rendered":"<p>Une pi\u00e8ce de th\u00e9\u00e2tre par Nicolas Humbert \u00ab Douche froide, le r\u00e9cit d\u2019une chute \u00bb est l\u2019histoire de Marco. Apr\u00e8s quinze ans de vie commune, rien ne va plus entre Estelle et lui. Un samedi apr\u00e8s-midi, alors qu\u2019Estelle est partie faire l\u2019\u00e9picerie, Marco pr\u00e9f\u00e8re prendre une douche plut\u00f4t que de s\u2019occuper de ses deux filles. [&hellip;]<\/p>\n<a href=\"http:\/\/www.facebook.com\/share.php?u=http%3A%2F%2Fnicolashumbert.com%2Fnh%2F&amp;t=Douche%20froide%2C%20le%20r%C3%A9cit%20d%27une%20chute\" id=\"facebook_share_button_426\" style=\"font-size:11px; line-height:13px; font-family:'lucida grande',tahoma,verdana,arial,sans-serif; text-decoration:none; display: -moz-inline-block; display:inline-block; padding:1px 20px 0 5px; margin: 5px 0; height:15px; border:1px solid #d8dfea; color: #3B5998; background: #fff url(http:\/\/b.static.ak.fbcdn.net\/images\/share\/facebook_share_icon.gif) no-repeat top right;\">Share<\/a>\r\n\t<script type=\"text\/javascript\">\r\n\t<!--\r\n\tvar button = document.getElementById('facebook_share_link_426') || document.getElementById('facebook_share_icon_426') || document.getElementById('facebook_share_both_426') || document.getElementById('facebook_share_button_426');\r\n\tif (button) {\r\n\t\tbutton.onclick = function(e) {\r\n\t\t\tvar url = this.href.replace(\/share\\.php\/, 'sharer.php');\r\n\t\t\twindow.open(url,'sharer','toolbar=0,status=0,width=626,height=436');\r\n\t\t\treturn false;\r\n\t\t}\r\n\t\r\n\t\tif (button.id === 'facebook_share_button_426') {\r\n\t\t\tbutton.onmouseover = function(){\r\n\t\t\t\tthis.style.color='#fff';\r\n\t\t\t\tthis.style.borderColor = '#295582';\r\n\t\t\t\tthis.style.backgroundColor = '#3b5998';\r\n\t\t\t}\r\n\t\t\tbutton.onmouseout = function(){\r\n\t\t\t\tthis.style.color = '#3b5998';\r\n\t\t\t\tthis.style.borderColor = '#d8dfea';\r\n\t\t\t\tthis.style.backgroundColor = '#fff';\r\n\t\t\t}\r\n\t\t}\r\n\t}\r\n\t-->\r\n\t<\/script>\r\n\t","protected":false},"author":1,"featured_media":0,"parent":0,"menu_order":0,"comment_status":"closed","ping_status":"closed","template":"","meta":[],"_links":{"self":[{"href":"http:\/\/nicolashumbert.com\/nh\/wp-json\/wp\/v2\/pages\/426"}],"collection":[{"href":"http:\/\/nicolashumbert.com\/nh\/wp-json\/wp\/v2\/pages"}],"about":[{"href":"http:\/\/nicolashumbert.com\/nh\/wp-json\/wp\/v2\/types\/page"}],"author":[{"embeddable":true,"href":"http:\/\/nicolashumbert.com\/nh\/wp-json\/wp\/v2\/users\/1"}],"replies":[{"embeddable":true,"href":"http:\/\/nicolashumbert.com\/nh\/wp-json\/wp\/v2\/comments?post=426"}],"version-history":[{"count":10,"href":"http:\/\/nicolashumbert.com\/nh\/wp-json\/wp\/v2\/pages\/426\/revisions"}],"predecessor-version":[{"id":460,"href":"http:\/\/nicolashumbert.com\/nh\/wp-json\/wp\/v2\/pages\/426\/revisions\/460"}],"wp:attachment":[{"href":"http:\/\/nicolashumbert.com\/nh\/wp-json\/wp\/v2\/media?parent=426"}],"curies":[{"name":"wp","href":"https:\/\/api.w.org\/{rel}","templated":true}]}}