{"id":361,"date":"2019-02-23T21:15:54","date_gmt":"2019-02-24T02:15:54","guid":{"rendered":"http:\/\/nicolashumbert.com\/nh\/?page_id=361"},"modified":"2019-02-25T15:39:21","modified_gmt":"2019-02-25T20:39:21","slug":"infographie","status":"publish","type":"page","link":"http:\/\/nicolashumbert.com\/nh\/infographie\/","title":{"rendered":"Infographie"},"content":{"rendered":"\n<h2 class=\"wp-block-heading\">Fondation du Coll\u00e8ge Saint-Maurice<\/h2>\n\n\n\n<p>Mat\u00e9riel promotionnel web pour la soir\u00e9e <em>Cocktail Jeans &amp; talons hauts.<\/em> <br \/>Publications Facebook et banni\u00e8re GoogleForm.<\/p>\n\n\n\n<figure class=\"wp-block-image\"><img decoding=\"async\" loading=\"lazy\" width=\"1024\" height=\"538\" src=\"http:\/\/nicolashumbert.com\/nh\/wp-content\/uploads\/2019\/02\/Cocktail-JeansTalon-aiguille-495x260-FB-01-1024x538.png\" alt=\"\" class=\"wp-image-380\" srcset=\"http:\/\/nicolashumbert.com\/nh\/wp-content\/uploads\/2019\/02\/Cocktail-JeansTalon-aiguille-495x260-FB-01-1024x538.png 1024w, http:\/\/nicolashumbert.com\/nh\/wp-content\/uploads\/2019\/02\/Cocktail-JeansTalon-aiguille-495x260-FB-01-300x158.png 300w, http:\/\/nicolashumbert.com\/nh\/wp-content\/uploads\/2019\/02\/Cocktail-JeansTalon-aiguille-495x260-FB-01-768x403.png 768w, http:\/\/nicolashumbert.com\/nh\/wp-content\/uploads\/2019\/02\/Cocktail-JeansTalon-aiguille-495x260-FB-01-624x328.png 624w, http:\/\/nicolashumbert.com\/nh\/wp-content\/uploads\/2019\/02\/Cocktail-JeansTalon-aiguille-495x260-FB-01.png 1032w\" sizes=\"(max-width: 1024px) 100vw, 1024px\" \/><\/figure>\n\n\n\n<figure class=\"wp-block-image\"><img decoding=\"async\" loading=\"lazy\" width=\"1024\" height=\"181\" src=\"http:\/\/nicolashumbert.com\/nh\/wp-content\/uploads\/2019\/02\/Cocktail-JeansTalon-aiguille-en-te\u0302te-google-form-PourVoir-01-01-1024x181.png\" alt=\"\" class=\"wp-image-381\" srcset=\"http:\/\/nicolashumbert.com\/nh\/wp-content\/uploads\/2019\/02\/Cocktail-JeansTalon-aiguille-en-te\u0302te-google-form-PourVoir-01-01-1024x181.png 1024w, http:\/\/nicolashumbert.com\/nh\/wp-content\/uploads\/2019\/02\/Cocktail-JeansTalon-aiguille-en-te\u0302te-google-form-PourVoir-01-01-300x53.png 300w, http:\/\/nicolashumbert.com\/nh\/wp-content\/uploads\/2019\/02\/Cocktail-JeansTalon-aiguille-en-te\u0302te-google-form-PourVoir-01-01-768x136.png 768w, http:\/\/nicolashumbert.com\/nh\/wp-content\/uploads\/2019\/02\/Cocktail-JeansTalon-aiguille-en-te\u0302te-google-form-PourVoir-01-01-624x110.png 624w, http:\/\/nicolashumbert.com\/nh\/wp-content\/uploads\/2019\/02\/Cocktail-JeansTalon-aiguille-en-te\u0302te-google-form-PourVoir-01-01.png 1278w\" sizes=\"(max-width: 1024px) 100vw, 1024px\" \/><\/figure>\n\n\n\n<figure class=\"wp-block-image\"><img decoding=\"async\" loading=\"lazy\" width=\"500\" height=\"407\" src=\"http:\/\/nicolashumbert.com\/nh\/wp-content\/uploads\/2019\/02\/Cocktail-JeansTalon-vignette-240x195-site-CSM-01.png\" alt=\"\" class=\"wp-image-382\" srcset=\"http:\/\/nicolashumbert.com\/nh\/wp-content\/uploads\/2019\/02\/Cocktail-JeansTalon-vignette-240x195-site-CSM-01.png 500w, http:\/\/nicolashumbert.com\/nh\/wp-content\/uploads\/2019\/02\/Cocktail-JeansTalon-vignette-240x195-site-CSM-01-300x244.png 300w\" sizes=\"(max-width: 500px) 100vw, 500px\" \/><\/figure>\n\n\n\n<figure class=\"wp-block-image\"><img decoding=\"async\" loading=\"lazy\" width=\"1024\" height=\"1024\" src=\"http:\/\/nicolashumbert.com\/nh\/wp-content\/uploads\/2019\/02\/Cocktail-JeansTalons-aiguilles-8-FB-01-1024x1024.png\" alt=\"\" class=\"wp-image-383\" srcset=\"http:\/\/nicolashumbert.com\/nh\/wp-content\/uploads\/2019\/02\/Cocktail-JeansTalons-aiguilles-8-FB-01-1024x1024.png 1024w, http:\/\/nicolashumbert.com\/nh\/wp-content\/uploads\/2019\/02\/Cocktail-JeansTalons-aiguilles-8-FB-01-150x150.png 150w, http:\/\/nicolashumbert.com\/nh\/wp-content\/uploads\/2019\/02\/Cocktail-JeansTalons-aiguilles-8-FB-01-300x300.png 300w, http:\/\/nicolashumbert.com\/nh\/wp-content\/uploads\/2019\/02\/Cocktail-JeansTalons-aiguilles-8-FB-01-768x769.png 768w, http:\/\/nicolashumbert.com\/nh\/wp-content\/uploads\/2019\/02\/Cocktail-JeansTalons-aiguilles-8-FB-01-624x625.png 624w, http:\/\/nicolashumbert.com\/nh\/wp-content\/uploads\/2019\/02\/Cocktail-JeansTalons-aiguilles-8-FB-01.png 1200w\" sizes=\"(max-width: 1024px) 100vw, 1024px\" \/><\/figure>\n\n\n\n<h3 class=\"wp-block-heading\">Conf\u00e9rence de Marianne St-Gelais<\/h3>\n\n\n\n<p>Affiche (impression), Billets (impression), Couverture Facebook, Publication FaceBook et <a href=\"http:\/\/nicolashumbert.com\/nh\/animations-videos\/\">animation (dans la rubrique Animation)<\/a><\/p>\n\n\n\n<div class=\"wp-block-image\"><figure class=\"aligncenter is-resized\"><img decoding=\"async\" loading=\"lazy\" src=\"http:\/\/nicolashumbert.com\/nh\/wp-content\/uploads\/2019\/02\/Confe\u0301rence-Marianne-St-Gelais-affiche-682x1024.png\" alt=\"\" class=\"wp-image-362\" width=\"626\" height=\"939\" srcset=\"http:\/\/nicolashumbert.com\/nh\/wp-content\/uploads\/2019\/02\/Confe\u0301rence-Marianne-St-Gelais-affiche-682x1024.png 682w, http:\/\/nicolashumbert.com\/nh\/wp-content\/uploads\/2019\/02\/Confe\u0301rence-Marianne-St-Gelais-affiche-200x300.png 200w, http:\/\/nicolashumbert.com\/nh\/wp-content\/uploads\/2019\/02\/Confe\u0301rence-Marianne-St-Gelais-affiche-768x1153.png 768w, http:\/\/nicolashumbert.com\/nh\/wp-content\/uploads\/2019\/02\/Confe\u0301rence-Marianne-St-Gelais-affiche-624x937.png 624w, http:\/\/nicolashumbert.com\/nh\/wp-content\/uploads\/2019\/02\/Confe\u0301rence-Marianne-St-Gelais-affiche.png 1798w\" sizes=\"(max-width: 626px) 100vw, 626px\" \/><\/figure><\/div>\n\n\n\n<figure class=\"wp-block-image\"><img decoding=\"async\" loading=\"lazy\" width=\"787\" height=\"240\" src=\"http:\/\/nicolashumbert.com\/nh\/wp-content\/uploads\/2019\/02\/Confe\u0301rence-Marianne-St-Gelais-billets.png\" alt=\"\" class=\"wp-image-363\" srcset=\"http:\/\/nicolashumbert.com\/nh\/wp-content\/uploads\/2019\/02\/Confe\u0301rence-Marianne-St-Gelais-billets.png 787w, http:\/\/nicolashumbert.com\/nh\/wp-content\/uploads\/2019\/02\/Confe\u0301rence-Marianne-St-Gelais-billets-300x91.png 300w, http:\/\/nicolashumbert.com\/nh\/wp-content\/uploads\/2019\/02\/Confe\u0301rence-Marianne-St-Gelais-billets-768x234.png 768w, http:\/\/nicolashumbert.com\/nh\/wp-content\/uploads\/2019\/02\/Confe\u0301rence-Marianne-St-Gelais-billets-624x190.png 624w\" sizes=\"(max-width: 787px) 100vw, 787px\" \/><\/figure>\n\n\n\n<figure class=\"wp-block-image\"><img decoding=\"async\" loading=\"lazy\" width=\"1024\" height=\"390\" src=\"http:\/\/nicolashumbert.com\/nh\/wp-content\/uploads\/2019\/02\/Confe\u0301rence-Marianne-St-Gelais-couverture-FB-1024x390.png\" alt=\"\" class=\"wp-image-364\" srcset=\"http:\/\/nicolashumbert.com\/nh\/wp-content\/uploads\/2019\/02\/Confe\u0301rence-Marianne-St-Gelais-couverture-FB-1024x390.png 1024w, http:\/\/nicolashumbert.com\/nh\/wp-content\/uploads\/2019\/02\/Confe\u0301rence-Marianne-St-Gelais-couverture-FB-300x114.png 300w, http:\/\/nicolashumbert.com\/nh\/wp-content\/uploads\/2019\/02\/Confe\u0301rence-Marianne-St-Gelais-couverture-FB-768x293.png 768w, http:\/\/nicolashumbert.com\/nh\/wp-content\/uploads\/2019\/02\/Confe\u0301rence-Marianne-St-Gelais-couverture-FB-624x238.png 624w, http:\/\/nicolashumbert.com\/nh\/wp-content\/uploads\/2019\/02\/Confe\u0301rence-Marianne-St-Gelais-couverture-FB.png 1709w\" sizes=\"(max-width: 1024px) 100vw, 1024px\" \/><\/figure>\n\n\n\n<figure class=\"wp-block-image\"><img decoding=\"async\" loading=\"lazy\" width=\"800\" height=\"800\" src=\"http:\/\/nicolashumbert.com\/nh\/wp-content\/uploads\/2019\/02\/Confe\u0301rence-Marianne-St-Gelais-publication-FB.png\" alt=\"\" class=\"wp-image-365\" srcset=\"http:\/\/nicolashumbert.com\/nh\/wp-content\/uploads\/2019\/02\/Confe\u0301rence-Marianne-St-Gelais-publication-FB.png 800w, http:\/\/nicolashumbert.com\/nh\/wp-content\/uploads\/2019\/02\/Confe\u0301rence-Marianne-St-Gelais-publication-FB-150x150.png 150w, http:\/\/nicolashumbert.com\/nh\/wp-content\/uploads\/2019\/02\/Confe\u0301rence-Marianne-St-Gelais-publication-FB-300x300.png 300w, http:\/\/nicolashumbert.com\/nh\/wp-content\/uploads\/2019\/02\/Confe\u0301rence-Marianne-St-Gelais-publication-FB-768x768.png 768w, http:\/\/nicolashumbert.com\/nh\/wp-content\/uploads\/2019\/02\/Confe\u0301rence-Marianne-St-Gelais-publication-FB-624x624.png 624w\" sizes=\"(max-width: 800px) 100vw, 800px\" \/><\/figure>\n<a href=\"http:\/\/www.facebook.com\/share.php?u=http%3A%2F%2Fnicolashumbert.com%2Fnh%2Finfographie%2F&amp;t=Infographie\" id=\"facebook_share_button_361\" style=\"font-size:11px; line-height:13px; font-family:'lucida grande',tahoma,verdana,arial,sans-serif; text-decoration:none; display: -moz-inline-block; display:inline-block; padding:1px 20px 0 5px; margin: 5px 0; height:15px; border:1px solid #d8dfea; color: #3B5998; background: #fff url(http:\/\/b.static.ak.fbcdn.net\/images\/share\/facebook_share_icon.gif) no-repeat top right;\">Share<\/a>\r\n\t<script type=\"text\/javascript\">\r\n\t<!--\r\n\tvar button = document.getElementById('facebook_share_link_361') || document.getElementById('facebook_share_icon_361') || document.getElementById('facebook_share_both_361') || document.getElementById('facebook_share_button_361');\r\n\tif (button) {\r\n\t\tbutton.onclick = function(e) {\r\n\t\t\tvar url = this.href.replace(\/share\\.php\/, 'sharer.php');\r\n\t\t\twindow.open(url,'sharer','toolbar=0,status=0,width=626,height=436');\r\n\t\t\treturn false;\r\n\t\t}\r\n\t\r\n\t\tif (button.id === 'facebook_share_button_361') {\r\n\t\t\tbutton.onmouseover = function(){\r\n\t\t\t\tthis.style.color='#fff';\r\n\t\t\t\tthis.style.borderColor = '#295582';\r\n\t\t\t\tthis.style.backgroundColor = '#3b5998';\r\n\t\t\t}\r\n\t\t\tbutton.onmouseout = function(){\r\n\t\t\t\tthis.style.color = '#3b5998';\r\n\t\t\t\tthis.style.borderColor = '#d8dfea';\r\n\t\t\t\tthis.style.backgroundColor = '#fff';\r\n\t\t\t}\r\n\t\t}\r\n\t}\r\n\t-->\r\n\t<\/script>\r\n\t","protected":false},"excerpt":{"rendered":"<p>Fondation du Coll\u00e8ge Saint-Maurice Mat\u00e9riel promotionnel web pour la soir\u00e9e Cocktail Jeans &amp; talons hauts. Publications Facebook et banni\u00e8re GoogleForm. Conf\u00e9rence de Marianne St-Gelais Affiche (impression), Billets (impression), Couverture Facebook, Publication FaceBook et animation (dans la rubrique Animation) Share<\/p>\n<a href=\"http:\/\/www.facebook.com\/share.php?u=http%3A%2F%2Fnicolashumbert.com%2Fnh%2Finfographie%2F&amp;t=Infographie\" id=\"facebook_share_button_361\" style=\"font-size:11px; line-height:13px; font-family:'lucida grande',tahoma,verdana,arial,sans-serif; text-decoration:none; display: -moz-inline-block; display:inline-block; padding:1px 20px 0 5px; margin: 5px 0; height:15px; border:1px solid #d8dfea; color: #3B5998; background: #fff url(http:\/\/b.static.ak.fbcdn.net\/images\/share\/facebook_share_icon.gif) no-repeat top right;\">Share<\/a>\r\n\t<script type=\"text\/javascript\">\r\n\t<!--\r\n\tvar button = document.getElementById('facebook_share_link_361') || document.getElementById('facebook_share_icon_361') || document.getElementById('facebook_share_both_361') || document.getElementById('facebook_share_button_361');\r\n\tif (button) {\r\n\t\tbutton.onclick = function(e) {\r\n\t\t\tvar url = this.href.replace(\/share\\.php\/, 'sharer.php');\r\n\t\t\twindow.open(url,'sharer','toolbar=0,status=0,width=626,height=436');\r\n\t\t\treturn false;\r\n\t\t}\r\n\t\r\n\t\tif (button.id === 'facebook_share_button_361') {\r\n\t\t\tbutton.onmouseover = function(){\r\n\t\t\t\tthis.style.color='#fff';\r\n\t\t\t\tthis.style.borderColor = '#295582';\r\n\t\t\t\tthis.style.backgroundColor = '#3b5998';\r\n\t\t\t}\r\n\t\t\tbutton.onmouseout = function(){\r\n\t\t\t\tthis.style.color = '#3b5998';\r\n\t\t\t\tthis.style.borderColor = '#d8dfea';\r\n\t\t\t\tthis.style.backgroundColor = '#fff';\r\n\t\t\t}\r\n\t\t}\r\n\t}\r\n\t-->\r\n\t<\/script>\r\n\t","protected":false},"author":1,"featured_media":0,"parent":0,"menu_order":0,"comment_status":"closed","ping_status":"closed","template":"","meta":[],"_links":{"self":[{"href":"http:\/\/nicolashumbert.com\/nh\/wp-json\/wp\/v2\/pages\/361"}],"collection":[{"href":"http:\/\/nicolashumbert.com\/nh\/wp-json\/wp\/v2\/pages"}],"about":[{"href":"http:\/\/nicolashumbert.com\/nh\/wp-json\/wp\/v2\/types\/page"}],"author":[{"embeddable":true,"href":"http:\/\/nicolashumbert.com\/nh\/wp-json\/wp\/v2\/users\/1"}],"replies":[{"embeddable":true,"href":"http:\/\/nicolashumbert.com\/nh\/wp-json\/wp\/v2\/comments?post=361"}],"version-history":[{"count":14,"href":"http:\/\/nicolashumbert.com\/nh\/wp-json\/wp\/v2\/pages\/361\/revisions"}],"predecessor-version":[{"id":386,"href":"http:\/\/nicolashumbert.com\/nh\/wp-json\/wp\/v2\/pages\/361\/revisions\/386"}],"wp:attachment":[{"href":"http:\/\/nicolashumbert.com\/nh\/wp-json\/wp\/v2\/media?parent=361"}],"curies":[{"name":"wp","href":"https:\/\/api.w.org\/{rel}","templated":true}]}}